{"id":219,"date":"2018-04-05T16:06:53","date_gmt":"2018-04-05T16:06:53","guid":{"rendered":"http:\/\/wr-schirgiswalde.de\/?page_id=219"},"modified":"2026-01-15T16:56:33","modified_gmt":"2026-01-15T16:56:33","slug":"impressum","status":"publish","type":"page","link":"http:\/\/wr-schirgiswalde.de\/index.php\/impressum\/","title":{"rendered":"Impressum"},"content":{"rendered":"<h2>Angaben gem\u00e4\u00df \u00a7 5 TMG:<\/h2>\n<p>Sportverein Wei\u00df-Rot Schirgiswalde e.V.<br \/>\nOrtsteil Schirgiswalde<br \/>\nKieferberg 25<br \/>\n02681 Schirgiswalde-Kirschau<\/p>\n<h2>Vertreten durch:<\/h2>\n<p>Vorstand nach \u00a726 BGB 1<\/p>\n<p>Vorsitzender<br \/>\nAndreas Marschner, Geschw.-Scholl-Str.4, 02689 Sohland<\/p>\n<p>Stellvertreter<br \/>\nReiner Lohr, Hauptstr. 19, OT Rodewitz, 02681 Schirgiswalde-Kirschau<\/p>\n<p>Schatzmeister<\/p>\n<p>Nobert L\u00f6bmann, Obere Ringstr. 2b, OT Schirgiswalde, 02681 Schirgiswalde-Kirschau<\/p>\n<p>Vertretungsregelung:<br \/>\nImmer zwei Mitglieder des Vorstandes<\/p>\n<h2>Kontakt:<\/h2>\n<p>Telefon: +49 (0) 1628845774<br \/>\nE-Mail: info@wr-schirgiswalde.de<\/p>\n<h2>Registereintrag:<\/h2>\n<p>Eintragung im Vereinsregister.<br \/>\nRegistergericht:<br \/>\nRegisternummer: VR 30117<\/p>\n<h2>Umsatzsteuer:<\/h2>\n<p>Umsatzsteuer-Identifikationsnummer gem\u00e4\u00df \u00a727 a Umsatzsteuergesetz:<br \/>\n204\/142\/02978<\/p>\n<h2>Streitschlichtung<\/h2>\n<p>Wir sind nicht bereit oder verpflichtet, an Streitbeilegungsverfahren vor einer Verbraucherschlichtungsstelle teilzunehmen.<\/p>\n<h2>Haftung f\u00fcr Inhalte<\/h2>\n<p>Als Diensteanbieter sind wir gem\u00e4\u00df \u00a7 7 Abs.1 TMG f\u00fcr<br \/>\neigene Inhalte auf diesen Seiten nach den allgemeinen Gesetzen verantwortlich. Nach \u00a7\u00a7 8 bis<br \/>\n10 TMG sind wir als Diensteanbieter jedoch nicht verpflichtet, \u00fcbermittelte oder gespeicherte fremde<br \/>\nInformationen zu \u00fcberwachen oder nach Umst\u00e4nden zu forschen, die auf eine rechtswidrige<br \/>\nT\u00e4tigkeit hinweisen.<\/p>\n<p>Verpflichtungen zur Entfernung oder Sperrung der Nutzung von<br \/>\nInformationen nach den allgemeinen Gesetzen bleiben hiervon unber\u00fchrt. Eine diesbez\u00fcgliche<br \/>\nHaftung ist jedoch erst ab dem Zeitpunkt der Kenntnis einer konkreten Rechtsverletzung m\u00f6glich.<br \/>\nBei Bekanntwerden von entsprechenden Rechtsverletzungen werden wir diese Inhalte umgehend<br \/>\nentfernen.<\/p>\n<h2>Haftung f\u00fcr Links<\/h2>\n<p>Unser Angebot enth\u00e4lt Links zu externen<br \/>\nWebsites Dritter, auf deren Inhalte wir keinen Einfluss haben. Deshalb k\u00f6nnen wir f\u00fcr diese<br \/>\nfremden Inhalte auch keine Gew\u00e4hr \u00fcbernehmen. F\u00fcr die Inhalte der verlinkten Seiten ist<br \/>\nstets der jeweilige Anbieter oder Betreiber der Seiten verantwortlich. Die verlinkten Seiten wurden zum<br \/>\nZeitpunkt der Verlinkung auf m\u00f6gliche Rechtsverst\u00f6\u00dfe \u00fcberpr\u00fcft.<br \/>\nRechtswidrige Inhalte waren zum Zeitpunkt der Verlinkung nicht erkennbar.<\/p>\n<p>Eine permanente<br \/>\ninhaltliche Kontrolle der verlinkten Seiten ist jedoch ohne konkrete Anhaltspunkte einer Rechtsverletzung<br \/>\nnicht zumutbar. Bei Bekanntwerden von Rechtsverletzungen werden wir derartige Links umgehend<br \/>\nentfernen.<\/p>\n<h2>Urheberrecht<\/h2>\n<p>Die durch die Seitenbetreiber erstellten Inhalte und Werke auf<br \/>\ndiesen Seiten unterliegen dem deutschen Urheberrecht. Die Vervielf\u00e4ltigung, Bearbeitung,<br \/>\nVerbreitung und jede Art der Verwertung au\u00dferhalb der Grenzen des Urheberrechtes bed\u00fcrfen<br \/>\nder schriftlichen Zustimmung des jeweiligen Autors bzw. Erstellers. Downloads und Kopien dieser Seite<br \/>\nsind nur f\u00fcr den privaten, nicht kommerziellen Gebrauch gestattet.<\/p>\n<p>Soweit die Inhalte auf<br \/>\ndieser Seite nicht vom Betreiber erstellt wurden, werden die Urheberrechte Dritter beachtet. Insbesondere<br \/>\nwerden Inhalte Dritter als solche gekennzeichnet. Sollten Sie trotzdem auf eine Urheberrechtsverletzung<br \/>\naufmerksam werden, bitten wir um einen entsprechenden Hinweis. Bei Bekanntwerden von<br \/>\nRechtsverletzungen werden wir derartige Inhalte umgehend entfernen.<\/p>\n<p>Quelle: <a href=\"https:\/\/www.e-recht24.de\">eRecht24<\/a><\/p>\n","protected":false},"excerpt":{"rendered":"<p>Angaben gem\u00e4\u00df \u00a7 5 TMG: Sportverein Wei\u00df-Rot Schirgiswalde e.V. Ortsteil Schirgiswalde Kieferberg 25 02681 Schirgiswalde-Kirschau Vertreten durch: Vorstand nach \u00a726 BGB 1 Vorsitzender Andreas Marschner, Geschw.-Scholl-Str.4, 02689 Sohland Stellvertreter Reiner Lohr, Hauptstr. 19, OT Rodewitz, 02681 Schirgiswalde-Kirschau Schatzmeister Nobert L\u00f6bmann, <a class=\"more-link\" href=\"http:\/\/wr-schirgiswalde.de\/index.php\/impressum\/\">Weiterlesen\u00a0\u2026<\/a><\/p>\n","protected":false},"author":1,"featured_media":0,"parent":0,"menu_order":0,"comment_status":"closed","ping_status":"open","template":"","meta":{"footnotes":""},"class_list":["post-219","page","type-page","status-publish","hentry"],"_links":{"self":[{"href":"http:\/\/wr-schirgiswalde.de\/index.php\/wp-json\/wp\/v2\/pages\/219","targetHints":{"allow":["GET"]}}],"collection":[{"href":"http:\/\/wr-schirgiswalde.de\/index.php\/wp-json\/wp\/v2\/pages"}],"about":[{"href":"http:\/\/wr-schirgiswalde.de\/index.php\/wp-json\/wp\/v2\/types\/page"}],"author":[{"embeddable":true,"href":"http:\/\/wr-schirgiswalde.de\/index.php\/wp-json\/wp\/v2\/users\/1"}],"replies":[{"embeddable":true,"href":"http:\/\/wr-schirgiswalde.de\/index.php\/wp-json\/wp\/v2\/comments?post=219"}],"version-history":[{"count":12,"href":"http:\/\/wr-schirgiswalde.de\/index.php\/wp-json\/wp\/v2\/pages\/219\/revisions"}],"predecessor-version":[{"id":661,"href":"http:\/\/wr-schirgiswalde.de\/index.php\/wp-json\/wp\/v2\/pages\/219\/revisions\/661"}],"wp:attachment":[{"href":"http:\/\/wr-schirgiswalde.de\/index.php\/wp-json\/wp\/v2\/media?parent=219"}],"curies":[{"name":"wp","href":"https:\/\/api.w.org\/{rel}","templated":true}]}}