{"id":208,"date":"2018-04-05T14:36:51","date_gmt":"2018-04-05T14:36:51","guid":{"rendered":"http:\/\/wr-schirgiswalde.de\/?page_id=208"},"modified":"2026-03-16T19:12:09","modified_gmt":"2026-03-16T19:12:09","slug":"fussball","status":"publish","type":"page","link":"http:\/\/wr-schirgiswalde.de\/index.php\/fussball\/","title":{"rendered":"Fu\u00dfball"},"content":{"rendered":"\n<p>Abteilungsleiter: Michael Schierz<\/p>\n\n\n\n<h3 class=\"wp-block-heading\"><font color=\"#dd3333\"><strong>Spielplan Alte Herren<\/strong><\/font><\/h3>\n\n\n\n<figure class=\"wp-block-image size-large\"><img loading=\"lazy\" decoding=\"async\" width=\"854\" height=\"1024\" src=\"http:\/\/wr-schirgiswalde.de\/wp-content\/uploads\/2026\/03\/Bildschirmfoto-2026-03-16-um-20.08.00-854x1024.png\" alt=\"\" class=\"wp-image-1168\" srcset=\"http:\/\/wr-schirgiswalde.de\/wp-content\/uploads\/2026\/03\/Bildschirmfoto-2026-03-16-um-20.08.00-854x1024.png 854w, http:\/\/wr-schirgiswalde.de\/wp-content\/uploads\/2026\/03\/Bildschirmfoto-2026-03-16-um-20.08.00-250x300.png 250w, http:\/\/wr-schirgiswalde.de\/wp-content\/uploads\/2026\/03\/Bildschirmfoto-2026-03-16-um-20.08.00-768x921.png 768w, http:\/\/wr-schirgiswalde.de\/wp-content\/uploads\/2026\/03\/Bildschirmfoto-2026-03-16-um-20.08.00-1281x1536.png 1281w, http:\/\/wr-schirgiswalde.de\/wp-content\/uploads\/2026\/03\/Bildschirmfoto-2026-03-16-um-20.08.00.png 1374w\" sizes=\"auto, (max-width: 854px) 100vw, 854px\" \/><\/figure>\n\n\n\n<hr class=\"wp-block-separator has-alpha-channel-opacity\"\/>\n\n\n\n<h3 class=\"wp-block-heading\"><font color=\"#dd3333\"><strong>\u201eGro\u00dfreinemachen\u201c auf dem Sportplatz Schirgiswalde<\/strong><\/font><\/h3>\n\n\n\n<figure class=\"wp-block-image\"><img loading=\"lazy\" decoding=\"async\" width=\"2560\" height=\"1920\" src=\"http:\/\/wr-schirgiswalde.de\/wp-content\/uploads\/2024\/12\/DSC02604-3-scaled.jpg\" alt=\"\" class=\"wp-image-1070\" srcset=\"http:\/\/wr-schirgiswalde.de\/wp-content\/uploads\/2024\/12\/DSC02604-3-scaled.jpg 2560w, http:\/\/wr-schirgiswalde.de\/wp-content\/uploads\/2024\/12\/DSC02604-3-300x225.jpg 300w, http:\/\/wr-schirgiswalde.de\/wp-content\/uploads\/2024\/12\/DSC02604-3-1024x768.jpg 1024w, http:\/\/wr-schirgiswalde.de\/wp-content\/uploads\/2024\/12\/DSC02604-3-768x576.jpg 768w, http:\/\/wr-schirgiswalde.de\/wp-content\/uploads\/2024\/12\/DSC02604-3-1536x1152.jpg 1536w, http:\/\/wr-schirgiswalde.de\/wp-content\/uploads\/2024\/12\/DSC02604-3-2048x1536.jpg 2048w\" sizes=\"auto, (max-width: 2560px) 100vw, 2560px\" \/><\/figure>\n\n\n\n<p>Foto : Andreas Marschner<\/p>\n\n\n\n<p>Am Samstag, den 16.11.2024 hatten sich 20 Spieler der AH-Mannschaft auf den Sportplatz Schirgiswalde eingefunden, um den Sportplatz und die Au\u00dfenanlagen von Laub und heruntergefallenen \u00c4sten zu s\u00e4ubern. F\u00fcr diesen Arbeitseinsatz m\u00f6chte sich der Vorstand und die Abteilungsleitung Fu\u00dfball herzlich bei allen Helfern bedanken.<\/p>\n\n\n\n<p>Andreas Marschner&nbsp;<\/p>\n","protected":false},"excerpt":{"rendered":"<p>Abteilungsleiter: Michael Schierz Spielplan Alte Herren \u201eGro\u00dfreinemachen\u201c auf dem Sportplatz Schirgiswalde Foto : Andreas Marschner Am Samstag, den 16.11.2024 hatten sich 20 Spieler der AH-Mannschaft auf den Sportplatz Schirgiswalde eingefunden, um den Sportplatz und die Au\u00dfenanlagen von Laub und heruntergefallenen <a class=\"more-link\" href=\"http:\/\/wr-schirgiswalde.de\/index.php\/fussball\/\">Weiterlesen\u00a0\u2026<\/a><\/p>\n","protected":false},"author":1,"featured_media":0,"parent":0,"menu_order":0,"comment_status":"closed","ping_status":"open","template":"","meta":{"footnotes":""},"class_list":["post-208","page","type-page","status-publish","hentry"],"_links":{"self":[{"href":"http:\/\/wr-schirgiswalde.de\/index.php\/wp-json\/wp\/v2\/pages\/208","targetHints":{"allow":["GET"]}}],"collection":[{"href":"http:\/\/wr-schirgiswalde.de\/index.php\/wp-json\/wp\/v2\/pages"}],"about":[{"href":"http:\/\/wr-schirgiswalde.de\/index.php\/wp-json\/wp\/v2\/types\/page"}],"author":[{"embeddable":true,"href":"http:\/\/wr-schirgiswalde.de\/index.php\/wp-json\/wp\/v2\/users\/1"}],"replies":[{"embeddable":true,"href":"http:\/\/wr-schirgiswalde.de\/index.php\/wp-json\/wp\/v2\/comments?post=208"}],"version-history":[{"count":23,"href":"http:\/\/wr-schirgiswalde.de\/index.php\/wp-json\/wp\/v2\/pages\/208\/revisions"}],"predecessor-version":[{"id":1170,"href":"http:\/\/wr-schirgiswalde.de\/index.php\/wp-json\/wp\/v2\/pages\/208\/revisions\/1170"}],"wp:attachment":[{"href":"http:\/\/wr-schirgiswalde.de\/index.php\/wp-json\/wp\/v2\/media?parent=208"}],"curies":[{"name":"wp","href":"https:\/\/api.w.org\/{rel}","templated":true}]}}